{"id":9,"date":"2021-02-26T09:25:11","date_gmt":"2021-02-26T08:25:11","guid":{"rendered":"https:\/\/naehzentrum-horand.de\/neu\/?page_id=9"},"modified":"2025-12-10T17:10:32","modified_gmt":"2025-12-10T16:10:32","slug":"naehkurse","status":"publish","type":"page","link":"https:\/\/naehzentrum-horand.de\/?page_id=9","title":{"rendered":"N\u00e4hkurse"},"content":{"rendered":"\n<p>Jetzt ist alles da, N\u00e4hmaschine, Stoff, der passende Faden, eine tolle Schlie\u00dfe, aber Sie sind sich nicht so ganz sicher, wie das jetzt alles zusammenpasst? Buchen Sie bei uns einen N\u00e4hkurs und lernen Sie unter der professionellen Anleitung unserer Schneidermeisterin wie aus den einzelnen Zutaten Ihr neues Lieblingsst\u00fcck entsteht. Bei uns im N\u00e4hkurs lernen Sie nicht nur das N\u00e4hen, sondern auch in famili\u00e4rer Atmosph\u00e4re nette Leute kennen! Vor Ort stehen Ihnen gro\u00dfe Zuschneidetische, eine Overlockmaschine und eine B\u00fcgelanlage zur Verf\u00fcgung. Sie k\u00f6nnen gerne Ihre eigene N\u00e4hmaschine mitbringen oder auf Wunsch mit einer modernen PFAFF N\u00e4hmaschine der Spitzenklasse n\u00e4hen. <\/p>\n\n\n\n<p>Sie k\u00f6nnen Ihren Kurs ab sofort hier buchen: <a href=\"https:\/\/naehzentrum-horand.myshopify.com\/collections\/nahkurse\">https:\/\/naehzentrum-horand.myshopify.com\/<\/a><\/p>\n\n\n\n<p><\/p>\n","protected":false},"excerpt":{"rendered":"<p>Jetzt ist alles da, N\u00e4hmaschine, Stoff, der passende Faden, eine tolle Schlie\u00dfe, aber Sie sind sich nicht so ganz sicher, wie das jetzt alles zusammenpasst? Buchen Sie bei uns einen N\u00e4hkurs und lernen Sie unter der professionellen Anleitung unserer Schneidermeisterin wie aus den einzelnen Zutaten Ihr neues Lieblingsst\u00fcck entsteht. Bei uns im N\u00e4hkurs lernen Sie [&hellip;]<\/p>\n","protected":false},"author":1,"featured_media":0,"parent":0,"menu_order":0,"comment_status":"closed","ping_status":"closed","template":"","meta":{"footnotes":""},"class_list":["post-9","page","type-page","status-publish","czr-hentry"],"yoast_head":"<!-- This site is optimized with the Yoast SEO plugin v25.9 - https:\/\/yoast.com\/wordpress\/plugins\/seo\/ -->\n<title>N\u00e4hkurse - N\u00e4hzentrum Horand in Ansbach<\/title>\n<meta name=\"robots\" content=\"index, follow, max-snippet:-1, max-image-preview:large, max-video-preview:-1\" \/>\n<link rel=\"canonical\" href=\"https:\/\/naehzentrum-horand.de\/?page_id=9\" \/>\n<meta property=\"og:locale\" content=\"de_DE\" \/>\n<meta property=\"og:type\" content=\"article\" \/>\n<meta property=\"og:title\" content=\"N\u00e4hkurse - N\u00e4hzentrum Horand in Ansbach\" \/>\n<meta property=\"og:description\" content=\"Jetzt ist alles da, N\u00e4hmaschine, Stoff, der passende Faden, eine tolle Schlie\u00dfe, aber Sie sind sich nicht so ganz sicher, wie das jetzt alles zusammenpasst? Buchen Sie bei uns einen N\u00e4hkurs und lernen Sie unter der professionellen Anleitung unserer Schneidermeisterin wie aus den einzelnen Zutaten Ihr neues Lieblingsst\u00fcck entsteht. Bei uns im N\u00e4hkurs lernen Sie [&hellip;]\" \/>\n<meta property=\"og:url\" content=\"https:\/\/naehzentrum-horand.de\/?page_id=9\" \/>\n<meta property=\"og:site_name\" content=\"N\u00e4hzentrum Horand in Ansbach\" \/>\n<meta property=\"article:publisher\" content=\"https:\/\/www.facebook.com\/naehzentrumhorand\" \/>\n<meta property=\"article:modified_time\" content=\"2025-12-10T16:10:32+00:00\" \/>\n<meta name=\"twitter:card\" content=\"summary_large_image\" \/>\n<meta name=\"twitter:label1\" content=\"Gesch\u00e4tzte Lesezeit\" \/>\n\t<meta name=\"twitter:data1\" content=\"1\u00a0Minute\" \/>\n<script type=\"application\/ld+json\" class=\"yoast-schema-graph\">{\"@context\":\"https:\/\/schema.org\",\"@graph\":[{\"@type\":\"WebPage\",\"@id\":\"https:\/\/naehzentrum-horand.de\/?page_id=9\",\"url\":\"https:\/\/naehzentrum-horand.de\/?page_id=9\",\"name\":\"N\u00e4hkurse - N\u00e4hzentrum Horand in Ansbach\",\"isPartOf\":{\"@id\":\"https:\/\/naehzentrum-horand.de\/#website\"},\"datePublished\":\"2021-02-26T08:25:11+00:00\",\"dateModified\":\"2025-12-10T16:10:32+00:00\",\"breadcrumb\":{\"@id\":\"https:\/\/naehzentrum-horand.de\/?page_id=9#breadcrumb\"},\"inLanguage\":\"de\",\"potentialAction\":[{\"@type\":\"ReadAction\",\"target\":[\"https:\/\/naehzentrum-horand.de\/?page_id=9\"]}]},{\"@type\":\"BreadcrumbList\",\"@id\":\"https:\/\/naehzentrum-horand.de\/?page_id=9#breadcrumb\",\"itemListElement\":[{\"@type\":\"ListItem\",\"position\":1,\"name\":\"Startseite\",\"item\":\"https:\/\/naehzentrum-horand.de\/\"},{\"@type\":\"ListItem\",\"position\":2,\"name\":\"N\u00e4hkurse\"}]},{\"@type\":\"WebSite\",\"@id\":\"https:\/\/naehzentrum-horand.de\/#website\",\"url\":\"https:\/\/naehzentrum-horand.de\/\",\"name\":\"N\u00e4hzentrum Horand in Ansbach\",\"description\":\"\",\"publisher\":{\"@id\":\"https:\/\/naehzentrum-horand.de\/#organization\"},\"potentialAction\":[{\"@type\":\"SearchAction\",\"target\":{\"@type\":\"EntryPoint\",\"urlTemplate\":\"https:\/\/naehzentrum-horand.de\/?s={search_term_string}\"},\"query-input\":{\"@type\":\"PropertyValueSpecification\",\"valueRequired\":true,\"valueName\":\"search_term_string\"}}],\"inLanguage\":\"de\"},{\"@type\":\"Organization\",\"@id\":\"https:\/\/naehzentrum-horand.de\/#organization\",\"name\":\"N\u00e4hzentrum Horand in Ansbach\",\"url\":\"https:\/\/naehzentrum-horand.de\/\",\"logo\":{\"@type\":\"ImageObject\",\"inLanguage\":\"de\",\"@id\":\"https:\/\/naehzentrum-horand.de\/#\/schema\/logo\/image\/\",\"url\":\"https:\/\/naehzentrum-horand.de\/wp-content\/uploads\/2021\/02\/horand_NZ.jpg\",\"contentUrl\":\"https:\/\/naehzentrum-horand.de\/wp-content\/uploads\/2021\/02\/horand_NZ.jpg\",\"width\":894,\"height\":204,\"caption\":\"N\u00e4hzentrum Horand in Ansbach\"},\"image\":{\"@id\":\"https:\/\/naehzentrum-horand.de\/#\/schema\/logo\/image\/\"},\"sameAs\":[\"https:\/\/www.facebook.com\/naehzentrumhorand\",\"https:\/\/www.instagram.com\/naehzentrum_horand\/\"]}]}<\/script>\n<!-- \/ Yoast SEO plugin. -->","yoast_head_json":{"title":"N\u00e4hkurse - N\u00e4hzentrum Horand in Ansbach","robots":{"index":"index","follow":"follow","max-snippet":"max-snippet:-1","max-image-preview":"max-image-preview:large","max-video-preview":"max-video-preview:-1"},"canonical":"https:\/\/naehzentrum-horand.de\/?page_id=9","og_locale":"de_DE","og_type":"article","og_title":"N\u00e4hkurse - N\u00e4hzentrum Horand in Ansbach","og_description":"Jetzt ist alles da, N\u00e4hmaschine, Stoff, der passende Faden, eine tolle Schlie\u00dfe, aber Sie sind sich nicht so ganz sicher, wie das jetzt alles zusammenpasst? Buchen Sie bei uns einen N\u00e4hkurs und lernen Sie unter der professionellen Anleitung unserer Schneidermeisterin wie aus den einzelnen Zutaten Ihr neues Lieblingsst\u00fcck entsteht. Bei uns im N\u00e4hkurs lernen Sie [&hellip;]","og_url":"https:\/\/naehzentrum-horand.de\/?page_id=9","og_site_name":"N\u00e4hzentrum Horand in Ansbach","article_publisher":"https:\/\/www.facebook.com\/naehzentrumhorand","article_modified_time":"2025-12-10T16:10:32+00:00","twitter_card":"summary_large_image","twitter_misc":{"Gesch\u00e4tzte Lesezeit":"1\u00a0Minute"},"schema":{"@context":"https:\/\/schema.org","@graph":[{"@type":"WebPage","@id":"https:\/\/naehzentrum-horand.de\/?page_id=9","url":"https:\/\/naehzentrum-horand.de\/?page_id=9","name":"N\u00e4hkurse - N\u00e4hzentrum Horand in Ansbach","isPartOf":{"@id":"https:\/\/naehzentrum-horand.de\/#website"},"datePublished":"2021-02-26T08:25:11+00:00","dateModified":"2025-12-10T16:10:32+00:00","breadcrumb":{"@id":"https:\/\/naehzentrum-horand.de\/?page_id=9#breadcrumb"},"inLanguage":"de","potentialAction":[{"@type":"ReadAction","target":["https:\/\/naehzentrum-horand.de\/?page_id=9"]}]},{"@type":"BreadcrumbList","@id":"https:\/\/naehzentrum-horand.de\/?page_id=9#breadcrumb","itemListElement":[{"@type":"ListItem","position":1,"name":"Startseite","item":"https:\/\/naehzentrum-horand.de\/"},{"@type":"ListItem","position":2,"name":"N\u00e4hkurse"}]},{"@type":"WebSite","@id":"https:\/\/naehzentrum-horand.de\/#website","url":"https:\/\/naehzentrum-horand.de\/","name":"N\u00e4hzentrum Horand in Ansbach","description":"","publisher":{"@id":"https:\/\/naehzentrum-horand.de\/#organization"},"potentialAction":[{"@type":"SearchAction","target":{"@type":"EntryPoint","urlTemplate":"https:\/\/naehzentrum-horand.de\/?s={search_term_string}"},"query-input":{"@type":"PropertyValueSpecification","valueRequired":true,"valueName":"search_term_string"}}],"inLanguage":"de"},{"@type":"Organization","@id":"https:\/\/naehzentrum-horand.de\/#organization","name":"N\u00e4hzentrum Horand in Ansbach","url":"https:\/\/naehzentrum-horand.de\/","logo":{"@type":"ImageObject","inLanguage":"de","@id":"https:\/\/naehzentrum-horand.de\/#\/schema\/logo\/image\/","url":"https:\/\/naehzentrum-horand.de\/wp-content\/uploads\/2021\/02\/horand_NZ.jpg","contentUrl":"https:\/\/naehzentrum-horand.de\/wp-content\/uploads\/2021\/02\/horand_NZ.jpg","width":894,"height":204,"caption":"N\u00e4hzentrum Horand in Ansbach"},"image":{"@id":"https:\/\/naehzentrum-horand.de\/#\/schema\/logo\/image\/"},"sameAs":["https:\/\/www.facebook.com\/naehzentrumhorand","https:\/\/www.instagram.com\/naehzentrum_horand\/"]}]}},"_links":{"self":[{"href":"https:\/\/naehzentrum-horand.de\/index.php?rest_route=\/wp\/v2\/pages\/9","targetHints":{"allow":["GET"]}}],"collection":[{"href":"https:\/\/naehzentrum-horand.de\/index.php?rest_route=\/wp\/v2\/pages"}],"about":[{"href":"https:\/\/naehzentrum-horand.de\/index.php?rest_route=\/wp\/v2\/types\/page"}],"author":[{"embeddable":true,"href":"https:\/\/naehzentrum-horand.de\/index.php?rest_route=\/wp\/v2\/users\/1"}],"replies":[{"embeddable":true,"href":"https:\/\/naehzentrum-horand.de\/index.php?rest_route=%2Fwp%2Fv2%2Fcomments&post=9"}],"version-history":[{"count":14,"href":"https:\/\/naehzentrum-horand.de\/index.php?rest_route=\/wp\/v2\/pages\/9\/revisions"}],"predecessor-version":[{"id":534,"href":"https:\/\/naehzentrum-horand.de\/index.php?rest_route=\/wp\/v2\/pages\/9\/revisions\/534"}],"wp:attachment":[{"href":"https:\/\/naehzentrum-horand.de\/index.php?rest_route=%2Fwp%2Fv2%2Fmedia&parent=9"}],"curies":[{"name":"wp","href":"https:\/\/api.w.org\/{rel}","templated":true}]}}