{"id":250,"date":"2021-07-21T12:38:49","date_gmt":"2021-07-21T10:38:49","guid":{"rendered":"https:\/\/naehzentrum-horand.de\/neu\/?page_id=250"},"modified":"2021-07-21T12:38:50","modified_gmt":"2021-07-21T10:38:50","slug":"kurzwaren-knoepfe-naehbedarf","status":"publish","type":"page","link":"https:\/\/naehzentrum-horand.de\/?page_id=250","title":{"rendered":"Kurzwaren, Kn\u00f6pfe, N\u00e4hbedarf"},"content":{"rendered":"\n<p>Sind Sie mit der Maschinen- und Stoffauswahl fertig? Entdecken Sie unser gro\u00dfes Angebot an Kurzwaren! Sie finden bei uns neben N\u00e4hfrei-Produkten und den stylischen Helfern von Prym Love alles weitere, was Sie zum Handarbeiten, Stricken, Sticken und Flicken ben\u00f6tigen. Bei unserer Auswahl an Handarbeitsnadeln m\u00fcssen Sie ebenfalls auf nichts verzichten. Au\u00dferdem finden Sie bei uns alles Weitere an N\u00e4hbedarf, von hochwertigen Stoffscheren \u2013 Made in Germany \u2013 \u00fcber allerlei Verschl\u00fcsse f\u00fcr Bekleidung und Taschen bis hin zu modischen Schnitten, Kopierpapier und einer gro\u00dfen Auswahl an N\u00e4hliteratur. Verpassen Sie Ihren individuell gefertigten Lieblingsst\u00fccken den letzten Feinschliff mit unserer gro\u00dfen Auswahl an Kn\u00f6pfen und allerlei Zierb\u00e4ndern. Selbstverst\u00e4ndlich finden Sie bei uns auch hochwertige N\u00e4hf\u00e4den von G\u00fctermann in einer gro\u00dfen Farbauswahl.<\/p>\n","protected":false},"excerpt":{"rendered":"<p>Sind Sie mit der Maschinen- und Stoffauswahl fertig? Entdecken Sie unser gro\u00dfes Angebot an Kurzwaren! Sie finden bei uns neben N\u00e4hfrei-Produkten und den stylischen Helfern von Prym Love alles weitere, was Sie zum Handarbeiten, Stricken, Sticken und Flicken ben\u00f6tigen. Bei unserer Auswahl an Handarbeitsnadeln m\u00fcssen Sie ebenfalls auf nichts verzichten. Au\u00dferdem finden Sie bei uns [&hellip;]<\/p>\n","protected":false},"author":1,"featured_media":0,"parent":0,"menu_order":0,"comment_status":"closed","ping_status":"closed","template":"","meta":{"footnotes":""},"class_list":["post-250","page","type-page","status-publish","czr-hentry"],"yoast_head":"<!-- This site is optimized with the Yoast SEO plugin v25.9 - https:\/\/yoast.com\/wordpress\/plugins\/seo\/ -->\n<title>Kurzwaren, Kn\u00f6pfe, N\u00e4hbedarf - N\u00e4hzentrum Horand in Ansbach<\/title>\n<meta name=\"robots\" content=\"index, follow, max-snippet:-1, max-image-preview:large, max-video-preview:-1\" \/>\n<link rel=\"canonical\" href=\"https:\/\/naehzentrum-horand.de\/?page_id=250\" \/>\n<meta property=\"og:locale\" content=\"de_DE\" \/>\n<meta property=\"og:type\" content=\"article\" \/>\n<meta property=\"og:title\" content=\"Kurzwaren, Kn\u00f6pfe, N\u00e4hbedarf - N\u00e4hzentrum Horand in Ansbach\" \/>\n<meta property=\"og:description\" content=\"Sind Sie mit der Maschinen- und Stoffauswahl fertig? Entdecken Sie unser gro\u00dfes Angebot an Kurzwaren! Sie finden bei uns neben N\u00e4hfrei-Produkten und den stylischen Helfern von Prym Love alles weitere, was Sie zum Handarbeiten, Stricken, Sticken und Flicken ben\u00f6tigen. Bei unserer Auswahl an Handarbeitsnadeln m\u00fcssen Sie ebenfalls auf nichts verzichten. Au\u00dferdem finden Sie bei uns [&hellip;]\" \/>\n<meta property=\"og:url\" content=\"https:\/\/naehzentrum-horand.de\/?page_id=250\" \/>\n<meta property=\"og:site_name\" content=\"N\u00e4hzentrum Horand in Ansbach\" \/>\n<meta property=\"article:publisher\" content=\"https:\/\/www.facebook.com\/naehzentrumhorand\" \/>\n<meta property=\"article:modified_time\" content=\"2021-07-21T10:38:50+00:00\" \/>\n<meta name=\"twitter:card\" content=\"summary_large_image\" \/>\n<meta name=\"twitter:label1\" content=\"Gesch\u00e4tzte Lesezeit\" \/>\n\t<meta name=\"twitter:data1\" content=\"1\u00a0Minute\" \/>\n<script type=\"application\/ld+json\" class=\"yoast-schema-graph\">{\"@context\":\"https:\/\/schema.org\",\"@graph\":[{\"@type\":\"WebPage\",\"@id\":\"https:\/\/naehzentrum-horand.de\/?page_id=250\",\"url\":\"https:\/\/naehzentrum-horand.de\/?page_id=250\",\"name\":\"Kurzwaren, Kn\u00f6pfe, N\u00e4hbedarf - N\u00e4hzentrum Horand in Ansbach\",\"isPartOf\":{\"@id\":\"https:\/\/naehzentrum-horand.de\/#website\"},\"datePublished\":\"2021-07-21T10:38:49+00:00\",\"dateModified\":\"2021-07-21T10:38:50+00:00\",\"breadcrumb\":{\"@id\":\"https:\/\/naehzentrum-horand.de\/?page_id=250#breadcrumb\"},\"inLanguage\":\"de\",\"potentialAction\":[{\"@type\":\"ReadAction\",\"target\":[\"https:\/\/naehzentrum-horand.de\/?page_id=250\"]}]},{\"@type\":\"BreadcrumbList\",\"@id\":\"https:\/\/naehzentrum-horand.de\/?page_id=250#breadcrumb\",\"itemListElement\":[{\"@type\":\"ListItem\",\"position\":1,\"name\":\"Startseite\",\"item\":\"https:\/\/naehzentrum-horand.de\/\"},{\"@type\":\"ListItem\",\"position\":2,\"name\":\"Kurzwaren, Kn\u00f6pfe, N\u00e4hbedarf\"}]},{\"@type\":\"WebSite\",\"@id\":\"https:\/\/naehzentrum-horand.de\/#website\",\"url\":\"https:\/\/naehzentrum-horand.de\/\",\"name\":\"N\u00e4hzentrum Horand in Ansbach\",\"description\":\"\",\"publisher\":{\"@id\":\"https:\/\/naehzentrum-horand.de\/#organization\"},\"potentialAction\":[{\"@type\":\"SearchAction\",\"target\":{\"@type\":\"EntryPoint\",\"urlTemplate\":\"https:\/\/naehzentrum-horand.de\/?s={search_term_string}\"},\"query-input\":{\"@type\":\"PropertyValueSpecification\",\"valueRequired\":true,\"valueName\":\"search_term_string\"}}],\"inLanguage\":\"de\"},{\"@type\":\"Organization\",\"@id\":\"https:\/\/naehzentrum-horand.de\/#organization\",\"name\":\"N\u00e4hzentrum Horand in Ansbach\",\"url\":\"https:\/\/naehzentrum-horand.de\/\",\"logo\":{\"@type\":\"ImageObject\",\"inLanguage\":\"de\",\"@id\":\"https:\/\/naehzentrum-horand.de\/#\/schema\/logo\/image\/\",\"url\":\"https:\/\/naehzentrum-horand.de\/wp-content\/uploads\/2021\/02\/horand_NZ.jpg\",\"contentUrl\":\"https:\/\/naehzentrum-horand.de\/wp-content\/uploads\/2021\/02\/horand_NZ.jpg\",\"width\":894,\"height\":204,\"caption\":\"N\u00e4hzentrum Horand in Ansbach\"},\"image\":{\"@id\":\"https:\/\/naehzentrum-horand.de\/#\/schema\/logo\/image\/\"},\"sameAs\":[\"https:\/\/www.facebook.com\/naehzentrumhorand\",\"https:\/\/www.instagram.com\/naehzentrum_horand\/\"]}]}<\/script>\n<!-- \/ Yoast SEO plugin. -->","yoast_head_json":{"title":"Kurzwaren, Kn\u00f6pfe, N\u00e4hbedarf - N\u00e4hzentrum Horand in Ansbach","robots":{"index":"index","follow":"follow","max-snippet":"max-snippet:-1","max-image-preview":"max-image-preview:large","max-video-preview":"max-video-preview:-1"},"canonical":"https:\/\/naehzentrum-horand.de\/?page_id=250","og_locale":"de_DE","og_type":"article","og_title":"Kurzwaren, Kn\u00f6pfe, N\u00e4hbedarf - N\u00e4hzentrum Horand in Ansbach","og_description":"Sind Sie mit der Maschinen- und Stoffauswahl fertig? Entdecken Sie unser gro\u00dfes Angebot an Kurzwaren! Sie finden bei uns neben N\u00e4hfrei-Produkten und den stylischen Helfern von Prym Love alles weitere, was Sie zum Handarbeiten, Stricken, Sticken und Flicken ben\u00f6tigen. Bei unserer Auswahl an Handarbeitsnadeln m\u00fcssen Sie ebenfalls auf nichts verzichten. Au\u00dferdem finden Sie bei uns [&hellip;]","og_url":"https:\/\/naehzentrum-horand.de\/?page_id=250","og_site_name":"N\u00e4hzentrum Horand in Ansbach","article_publisher":"https:\/\/www.facebook.com\/naehzentrumhorand","article_modified_time":"2021-07-21T10:38:50+00:00","twitter_card":"summary_large_image","twitter_misc":{"Gesch\u00e4tzte Lesezeit":"1\u00a0Minute"},"schema":{"@context":"https:\/\/schema.org","@graph":[{"@type":"WebPage","@id":"https:\/\/naehzentrum-horand.de\/?page_id=250","url":"https:\/\/naehzentrum-horand.de\/?page_id=250","name":"Kurzwaren, Kn\u00f6pfe, N\u00e4hbedarf - N\u00e4hzentrum Horand in Ansbach","isPartOf":{"@id":"https:\/\/naehzentrum-horand.de\/#website"},"datePublished":"2021-07-21T10:38:49+00:00","dateModified":"2021-07-21T10:38:50+00:00","breadcrumb":{"@id":"https:\/\/naehzentrum-horand.de\/?page_id=250#breadcrumb"},"inLanguage":"de","potentialAction":[{"@type":"ReadAction","target":["https:\/\/naehzentrum-horand.de\/?page_id=250"]}]},{"@type":"BreadcrumbList","@id":"https:\/\/naehzentrum-horand.de\/?page_id=250#breadcrumb","itemListElement":[{"@type":"ListItem","position":1,"name":"Startseite","item":"https:\/\/naehzentrum-horand.de\/"},{"@type":"ListItem","position":2,"name":"Kurzwaren, Kn\u00f6pfe, N\u00e4hbedarf"}]},{"@type":"WebSite","@id":"https:\/\/naehzentrum-horand.de\/#website","url":"https:\/\/naehzentrum-horand.de\/","name":"N\u00e4hzentrum Horand in Ansbach","description":"","publisher":{"@id":"https:\/\/naehzentrum-horand.de\/#organization"},"potentialAction":[{"@type":"SearchAction","target":{"@type":"EntryPoint","urlTemplate":"https:\/\/naehzentrum-horand.de\/?s={search_term_string}"},"query-input":{"@type":"PropertyValueSpecification","valueRequired":true,"valueName":"search_term_string"}}],"inLanguage":"de"},{"@type":"Organization","@id":"https:\/\/naehzentrum-horand.de\/#organization","name":"N\u00e4hzentrum Horand in Ansbach","url":"https:\/\/naehzentrum-horand.de\/","logo":{"@type":"ImageObject","inLanguage":"de","@id":"https:\/\/naehzentrum-horand.de\/#\/schema\/logo\/image\/","url":"https:\/\/naehzentrum-horand.de\/wp-content\/uploads\/2021\/02\/horand_NZ.jpg","contentUrl":"https:\/\/naehzentrum-horand.de\/wp-content\/uploads\/2021\/02\/horand_NZ.jpg","width":894,"height":204,"caption":"N\u00e4hzentrum Horand in Ansbach"},"image":{"@id":"https:\/\/naehzentrum-horand.de\/#\/schema\/logo\/image\/"},"sameAs":["https:\/\/www.facebook.com\/naehzentrumhorand","https:\/\/www.instagram.com\/naehzentrum_horand\/"]}]}},"_links":{"self":[{"href":"https:\/\/naehzentrum-horand.de\/index.php?rest_route=\/wp\/v2\/pages\/250","targetHints":{"allow":["GET"]}}],"collection":[{"href":"https:\/\/naehzentrum-horand.de\/index.php?rest_route=\/wp\/v2\/pages"}],"about":[{"href":"https:\/\/naehzentrum-horand.de\/index.php?rest_route=\/wp\/v2\/types\/page"}],"author":[{"embeddable":true,"href":"https:\/\/naehzentrum-horand.de\/index.php?rest_route=\/wp\/v2\/users\/1"}],"replies":[{"embeddable":true,"href":"https:\/\/naehzentrum-horand.de\/index.php?rest_route=%2Fwp%2Fv2%2Fcomments&post=250"}],"version-history":[{"count":1,"href":"https:\/\/naehzentrum-horand.de\/index.php?rest_route=\/wp\/v2\/pages\/250\/revisions"}],"predecessor-version":[{"id":251,"href":"https:\/\/naehzentrum-horand.de\/index.php?rest_route=\/wp\/v2\/pages\/250\/revisions\/251"}],"wp:attachment":[{"href":"https:\/\/naehzentrum-horand.de\/index.php?rest_route=%2Fwp%2Fv2%2Fmedia&parent=250"}],"curies":[{"name":"wp","href":"https:\/\/api.w.org\/{rel}","templated":true}]}}