{"id":248,"date":"2021-07-21T12:38:18","date_gmt":"2021-07-21T10:38:18","guid":{"rendered":"https:\/\/naehzentrum-horand.de\/neu\/?page_id=248"},"modified":"2025-12-10T17:12:01","modified_gmt":"2025-12-10T16:12:01","slug":"stoffe","status":"publish","type":"page","link":"https:\/\/naehzentrum-horand.de\/?page_id=248","title":{"rendered":"Stoffe"},"content":{"rendered":"\n<p>Man kann nie genug guten Stoff haben! Deshalb f\u00fchren wir neben Standardstoffen aus Baumwolle, Viskose, Jersey, B\u00fcndchen oder Leinenstoffen auch besondere Stoffe wie Seide, feine Wollstoffe, Spitze oder hochwertiges Kunstleder, sowohl in Bekleidungs- als auch in industrieller Qualit\u00e4t. Wenn es mal etwas anderes als Kleidung werden soll, finden Sie bei uns auch eine Auswahl an Dekostoffen, stabilen Outdoor- sowie Verdunklungsstoffen und vieles mehr. Dar\u00fcber hinaus sind auch Sonderbestellungen m\u00f6glich, zum Beispiel Stoffe in \u00dcberbreite.<\/p>\n\n\n\n<p>Einen Auszug unserer Kollektion finden Sie online hier: <a href=\"https:\/\/naehzentrum-horand.myshopify.com\/collections\/stoff\">https:\/\/naehzentrum-horand.myshopify.com\/collections\/stoff<\/a><\/p>\n","protected":false},"excerpt":{"rendered":"<p>Man kann nie genug guten Stoff haben! Deshalb f\u00fchren wir neben Standardstoffen aus Baumwolle, Viskose, Jersey, B\u00fcndchen oder Leinenstoffen auch besondere Stoffe wie Seide, feine Wollstoffe, Spitze oder hochwertiges Kunstleder, sowohl in Bekleidungs- als auch in industrieller Qualit\u00e4t. Wenn es mal etwas anderes als Kleidung werden soll, finden Sie bei uns auch eine Auswahl an [&hellip;]<\/p>\n","protected":false},"author":1,"featured_media":0,"parent":0,"menu_order":0,"comment_status":"closed","ping_status":"closed","template":"","meta":{"footnotes":""},"class_list":["post-248","page","type-page","status-publish","czr-hentry"],"yoast_head":"<!-- This site is optimized with the Yoast SEO plugin v25.9 - https:\/\/yoast.com\/wordpress\/plugins\/seo\/ -->\n<title>Stoffe - N\u00e4hzentrum Horand in Ansbach<\/title>\n<meta name=\"robots\" content=\"index, follow, max-snippet:-1, max-image-preview:large, max-video-preview:-1\" \/>\n<link rel=\"canonical\" href=\"https:\/\/naehzentrum-horand.de\/?page_id=248\" \/>\n<meta property=\"og:locale\" content=\"de_DE\" \/>\n<meta property=\"og:type\" content=\"article\" \/>\n<meta property=\"og:title\" content=\"Stoffe - N\u00e4hzentrum Horand in Ansbach\" \/>\n<meta property=\"og:description\" content=\"Man kann nie genug guten Stoff haben! Deshalb f\u00fchren wir neben Standardstoffen aus Baumwolle, Viskose, Jersey, B\u00fcndchen oder Leinenstoffen auch besondere Stoffe wie Seide, feine Wollstoffe, Spitze oder hochwertiges Kunstleder, sowohl in Bekleidungs- als auch in industrieller Qualit\u00e4t. Wenn es mal etwas anderes als Kleidung werden soll, finden Sie bei uns auch eine Auswahl an [&hellip;]\" \/>\n<meta property=\"og:url\" content=\"https:\/\/naehzentrum-horand.de\/?page_id=248\" \/>\n<meta property=\"og:site_name\" content=\"N\u00e4hzentrum Horand in Ansbach\" \/>\n<meta property=\"article:publisher\" content=\"https:\/\/www.facebook.com\/naehzentrumhorand\" \/>\n<meta property=\"article:modified_time\" content=\"2025-12-10T16:12:01+00:00\" \/>\n<meta name=\"twitter:card\" content=\"summary_large_image\" \/>\n<meta name=\"twitter:label1\" content=\"Gesch\u00e4tzte Lesezeit\" \/>\n\t<meta name=\"twitter:data1\" content=\"1\u00a0Minute\" \/>\n<script type=\"application\/ld+json\" class=\"yoast-schema-graph\">{\"@context\":\"https:\/\/schema.org\",\"@graph\":[{\"@type\":\"WebPage\",\"@id\":\"https:\/\/naehzentrum-horand.de\/?page_id=248\",\"url\":\"https:\/\/naehzentrum-horand.de\/?page_id=248\",\"name\":\"Stoffe - N\u00e4hzentrum Horand in Ansbach\",\"isPartOf\":{\"@id\":\"https:\/\/naehzentrum-horand.de\/#website\"},\"datePublished\":\"2021-07-21T10:38:18+00:00\",\"dateModified\":\"2025-12-10T16:12:01+00:00\",\"breadcrumb\":{\"@id\":\"https:\/\/naehzentrum-horand.de\/?page_id=248#breadcrumb\"},\"inLanguage\":\"de\",\"potentialAction\":[{\"@type\":\"ReadAction\",\"target\":[\"https:\/\/naehzentrum-horand.de\/?page_id=248\"]}]},{\"@type\":\"BreadcrumbList\",\"@id\":\"https:\/\/naehzentrum-horand.de\/?page_id=248#breadcrumb\",\"itemListElement\":[{\"@type\":\"ListItem\",\"position\":1,\"name\":\"Startseite\",\"item\":\"https:\/\/naehzentrum-horand.de\/\"},{\"@type\":\"ListItem\",\"position\":2,\"name\":\"Stoffe\"}]},{\"@type\":\"WebSite\",\"@id\":\"https:\/\/naehzentrum-horand.de\/#website\",\"url\":\"https:\/\/naehzentrum-horand.de\/\",\"name\":\"N\u00e4hzentrum Horand in Ansbach\",\"description\":\"\",\"publisher\":{\"@id\":\"https:\/\/naehzentrum-horand.de\/#organization\"},\"potentialAction\":[{\"@type\":\"SearchAction\",\"target\":{\"@type\":\"EntryPoint\",\"urlTemplate\":\"https:\/\/naehzentrum-horand.de\/?s={search_term_string}\"},\"query-input\":{\"@type\":\"PropertyValueSpecification\",\"valueRequired\":true,\"valueName\":\"search_term_string\"}}],\"inLanguage\":\"de\"},{\"@type\":\"Organization\",\"@id\":\"https:\/\/naehzentrum-horand.de\/#organization\",\"name\":\"N\u00e4hzentrum Horand in Ansbach\",\"url\":\"https:\/\/naehzentrum-horand.de\/\",\"logo\":{\"@type\":\"ImageObject\",\"inLanguage\":\"de\",\"@id\":\"https:\/\/naehzentrum-horand.de\/#\/schema\/logo\/image\/\",\"url\":\"https:\/\/naehzentrum-horand.de\/wp-content\/uploads\/2021\/02\/horand_NZ.jpg\",\"contentUrl\":\"https:\/\/naehzentrum-horand.de\/wp-content\/uploads\/2021\/02\/horand_NZ.jpg\",\"width\":894,\"height\":204,\"caption\":\"N\u00e4hzentrum Horand in Ansbach\"},\"image\":{\"@id\":\"https:\/\/naehzentrum-horand.de\/#\/schema\/logo\/image\/\"},\"sameAs\":[\"https:\/\/www.facebook.com\/naehzentrumhorand\",\"https:\/\/www.instagram.com\/naehzentrum_horand\/\"]}]}<\/script>\n<!-- \/ Yoast SEO plugin. -->","yoast_head_json":{"title":"Stoffe - N\u00e4hzentrum Horand in Ansbach","robots":{"index":"index","follow":"follow","max-snippet":"max-snippet:-1","max-image-preview":"max-image-preview:large","max-video-preview":"max-video-preview:-1"},"canonical":"https:\/\/naehzentrum-horand.de\/?page_id=248","og_locale":"de_DE","og_type":"article","og_title":"Stoffe - N\u00e4hzentrum Horand in Ansbach","og_description":"Man kann nie genug guten Stoff haben! Deshalb f\u00fchren wir neben Standardstoffen aus Baumwolle, Viskose, Jersey, B\u00fcndchen oder Leinenstoffen auch besondere Stoffe wie Seide, feine Wollstoffe, Spitze oder hochwertiges Kunstleder, sowohl in Bekleidungs- als auch in industrieller Qualit\u00e4t. Wenn es mal etwas anderes als Kleidung werden soll, finden Sie bei uns auch eine Auswahl an [&hellip;]","og_url":"https:\/\/naehzentrum-horand.de\/?page_id=248","og_site_name":"N\u00e4hzentrum Horand in Ansbach","article_publisher":"https:\/\/www.facebook.com\/naehzentrumhorand","article_modified_time":"2025-12-10T16:12:01+00:00","twitter_card":"summary_large_image","twitter_misc":{"Gesch\u00e4tzte Lesezeit":"1\u00a0Minute"},"schema":{"@context":"https:\/\/schema.org","@graph":[{"@type":"WebPage","@id":"https:\/\/naehzentrum-horand.de\/?page_id=248","url":"https:\/\/naehzentrum-horand.de\/?page_id=248","name":"Stoffe - N\u00e4hzentrum Horand in Ansbach","isPartOf":{"@id":"https:\/\/naehzentrum-horand.de\/#website"},"datePublished":"2021-07-21T10:38:18+00:00","dateModified":"2025-12-10T16:12:01+00:00","breadcrumb":{"@id":"https:\/\/naehzentrum-horand.de\/?page_id=248#breadcrumb"},"inLanguage":"de","potentialAction":[{"@type":"ReadAction","target":["https:\/\/naehzentrum-horand.de\/?page_id=248"]}]},{"@type":"BreadcrumbList","@id":"https:\/\/naehzentrum-horand.de\/?page_id=248#breadcrumb","itemListElement":[{"@type":"ListItem","position":1,"name":"Startseite","item":"https:\/\/naehzentrum-horand.de\/"},{"@type":"ListItem","position":2,"name":"Stoffe"}]},{"@type":"WebSite","@id":"https:\/\/naehzentrum-horand.de\/#website","url":"https:\/\/naehzentrum-horand.de\/","name":"N\u00e4hzentrum Horand in Ansbach","description":"","publisher":{"@id":"https:\/\/naehzentrum-horand.de\/#organization"},"potentialAction":[{"@type":"SearchAction","target":{"@type":"EntryPoint","urlTemplate":"https:\/\/naehzentrum-horand.de\/?s={search_term_string}"},"query-input":{"@type":"PropertyValueSpecification","valueRequired":true,"valueName":"search_term_string"}}],"inLanguage":"de"},{"@type":"Organization","@id":"https:\/\/naehzentrum-horand.de\/#organization","name":"N\u00e4hzentrum Horand in Ansbach","url":"https:\/\/naehzentrum-horand.de\/","logo":{"@type":"ImageObject","inLanguage":"de","@id":"https:\/\/naehzentrum-horand.de\/#\/schema\/logo\/image\/","url":"https:\/\/naehzentrum-horand.de\/wp-content\/uploads\/2021\/02\/horand_NZ.jpg","contentUrl":"https:\/\/naehzentrum-horand.de\/wp-content\/uploads\/2021\/02\/horand_NZ.jpg","width":894,"height":204,"caption":"N\u00e4hzentrum Horand in Ansbach"},"image":{"@id":"https:\/\/naehzentrum-horand.de\/#\/schema\/logo\/image\/"},"sameAs":["https:\/\/www.facebook.com\/naehzentrumhorand","https:\/\/www.instagram.com\/naehzentrum_horand\/"]}]}},"_links":{"self":[{"href":"https:\/\/naehzentrum-horand.de\/index.php?rest_route=\/wp\/v2\/pages\/248","targetHints":{"allow":["GET"]}}],"collection":[{"href":"https:\/\/naehzentrum-horand.de\/index.php?rest_route=\/wp\/v2\/pages"}],"about":[{"href":"https:\/\/naehzentrum-horand.de\/index.php?rest_route=\/wp\/v2\/types\/page"}],"author":[{"embeddable":true,"href":"https:\/\/naehzentrum-horand.de\/index.php?rest_route=\/wp\/v2\/users\/1"}],"replies":[{"embeddable":true,"href":"https:\/\/naehzentrum-horand.de\/index.php?rest_route=%2Fwp%2Fv2%2Fcomments&post=248"}],"version-history":[{"count":5,"href":"https:\/\/naehzentrum-horand.de\/index.php?rest_route=\/wp\/v2\/pages\/248\/revisions"}],"predecessor-version":[{"id":535,"href":"https:\/\/naehzentrum-horand.de\/index.php?rest_route=\/wp\/v2\/pages\/248\/revisions\/535"}],"wp:attachment":[{"href":"https:\/\/naehzentrum-horand.de\/index.php?rest_route=%2Fwp%2Fv2%2Fmedia&parent=248"}],"curies":[{"name":"wp","href":"https:\/\/api.w.org\/{rel}","templated":true}]}}