{"id":246,"date":"2021-07-21T12:38:00","date_gmt":"2021-07-21T10:38:00","guid":{"rendered":"https:\/\/naehzentrum-horand.de\/neu\/?page_id=246"},"modified":"2021-07-21T12:38:00","modified_gmt":"2021-07-21T10:38:00","slug":"buegelsysteme","status":"publish","type":"page","link":"https:\/\/naehzentrum-horand.de\/?page_id=246","title":{"rendered":"B\u00fcgelsysteme"},"content":{"rendered":"\n<p>Neben der N\u00e4hmaschine darf auch die B\u00fcgelmaschine in keinem Haushalt fehlen. Lassen Sie sich bei uns beraten, welches Modell das richtige f\u00fcr Sie ist. Wir f\u00fchren B\u00fcgelsysteme von Knittax, ganz klassisch mit B\u00fcgeltisch und nat\u00fcrlich auch die Luxusl\u00f6sung: Dampfb\u00fcgelmaschinen mit Walze.<\/p>\n","protected":false},"excerpt":{"rendered":"<p>Neben der N\u00e4hmaschine darf auch die B\u00fcgelmaschine in keinem Haushalt fehlen. Lassen Sie sich bei uns beraten, welches Modell das richtige f\u00fcr Sie ist. Wir f\u00fchren B\u00fcgelsysteme von Knittax, ganz klassisch mit B\u00fcgeltisch und nat\u00fcrlich auch die Luxusl\u00f6sung: Dampfb\u00fcgelmaschinen mit Walze.<\/p>\n","protected":false},"author":1,"featured_media":0,"parent":0,"menu_order":0,"comment_status":"closed","ping_status":"closed","template":"","meta":{"footnotes":""},"class_list":["post-246","page","type-page","status-publish","czr-hentry"],"yoast_head":"<!-- This site is optimized with the Yoast SEO plugin v25.9 - https:\/\/yoast.com\/wordpress\/plugins\/seo\/ -->\n<title>B\u00fcgelsysteme - N\u00e4hzentrum Horand in Ansbach<\/title>\n<meta name=\"robots\" content=\"index, follow, max-snippet:-1, max-image-preview:large, max-video-preview:-1\" \/>\n<link rel=\"canonical\" href=\"https:\/\/naehzentrum-horand.de\/?page_id=246\" \/>\n<meta property=\"og:locale\" content=\"de_DE\" \/>\n<meta property=\"og:type\" content=\"article\" \/>\n<meta property=\"og:title\" content=\"B\u00fcgelsysteme - N\u00e4hzentrum Horand in Ansbach\" \/>\n<meta property=\"og:description\" content=\"Neben der N\u00e4hmaschine darf auch die B\u00fcgelmaschine in keinem Haushalt fehlen. Lassen Sie sich bei uns beraten, welches Modell das richtige f\u00fcr Sie ist. Wir f\u00fchren B\u00fcgelsysteme von Knittax, ganz klassisch mit B\u00fcgeltisch und nat\u00fcrlich auch die Luxusl\u00f6sung: Dampfb\u00fcgelmaschinen mit Walze.\" \/>\n<meta property=\"og:url\" content=\"https:\/\/naehzentrum-horand.de\/?page_id=246\" \/>\n<meta property=\"og:site_name\" content=\"N\u00e4hzentrum Horand in Ansbach\" \/>\n<meta property=\"article:publisher\" content=\"https:\/\/www.facebook.com\/naehzentrumhorand\" \/>\n<meta name=\"twitter:card\" content=\"summary_large_image\" \/>\n<script type=\"application\/ld+json\" class=\"yoast-schema-graph\">{\"@context\":\"https:\/\/schema.org\",\"@graph\":[{\"@type\":\"WebPage\",\"@id\":\"https:\/\/naehzentrum-horand.de\/?page_id=246\",\"url\":\"https:\/\/naehzentrum-horand.de\/?page_id=246\",\"name\":\"B\u00fcgelsysteme - N\u00e4hzentrum Horand in Ansbach\",\"isPartOf\":{\"@id\":\"https:\/\/naehzentrum-horand.de\/#website\"},\"datePublished\":\"2021-07-21T10:38:00+00:00\",\"breadcrumb\":{\"@id\":\"https:\/\/naehzentrum-horand.de\/?page_id=246#breadcrumb\"},\"inLanguage\":\"de\",\"potentialAction\":[{\"@type\":\"ReadAction\",\"target\":[\"https:\/\/naehzentrum-horand.de\/?page_id=246\"]}]},{\"@type\":\"BreadcrumbList\",\"@id\":\"https:\/\/naehzentrum-horand.de\/?page_id=246#breadcrumb\",\"itemListElement\":[{\"@type\":\"ListItem\",\"position\":1,\"name\":\"Startseite\",\"item\":\"https:\/\/naehzentrum-horand.de\/\"},{\"@type\":\"ListItem\",\"position\":2,\"name\":\"B\u00fcgelsysteme\"}]},{\"@type\":\"WebSite\",\"@id\":\"https:\/\/naehzentrum-horand.de\/#website\",\"url\":\"https:\/\/naehzentrum-horand.de\/\",\"name\":\"N\u00e4hzentrum Horand in Ansbach\",\"description\":\"\",\"publisher\":{\"@id\":\"https:\/\/naehzentrum-horand.de\/#organization\"},\"potentialAction\":[{\"@type\":\"SearchAction\",\"target\":{\"@type\":\"EntryPoint\",\"urlTemplate\":\"https:\/\/naehzentrum-horand.de\/?s={search_term_string}\"},\"query-input\":{\"@type\":\"PropertyValueSpecification\",\"valueRequired\":true,\"valueName\":\"search_term_string\"}}],\"inLanguage\":\"de\"},{\"@type\":\"Organization\",\"@id\":\"https:\/\/naehzentrum-horand.de\/#organization\",\"name\":\"N\u00e4hzentrum Horand in Ansbach\",\"url\":\"https:\/\/naehzentrum-horand.de\/\",\"logo\":{\"@type\":\"ImageObject\",\"inLanguage\":\"de\",\"@id\":\"https:\/\/naehzentrum-horand.de\/#\/schema\/logo\/image\/\",\"url\":\"https:\/\/naehzentrum-horand.de\/wp-content\/uploads\/2021\/02\/horand_NZ.jpg\",\"contentUrl\":\"https:\/\/naehzentrum-horand.de\/wp-content\/uploads\/2021\/02\/horand_NZ.jpg\",\"width\":894,\"height\":204,\"caption\":\"N\u00e4hzentrum Horand in Ansbach\"},\"image\":{\"@id\":\"https:\/\/naehzentrum-horand.de\/#\/schema\/logo\/image\/\"},\"sameAs\":[\"https:\/\/www.facebook.com\/naehzentrumhorand\",\"https:\/\/www.instagram.com\/naehzentrum_horand\/\"]}]}<\/script>\n<!-- \/ Yoast SEO plugin. -->","yoast_head_json":{"title":"B\u00fcgelsysteme - N\u00e4hzentrum Horand in Ansbach","robots":{"index":"index","follow":"follow","max-snippet":"max-snippet:-1","max-image-preview":"max-image-preview:large","max-video-preview":"max-video-preview:-1"},"canonical":"https:\/\/naehzentrum-horand.de\/?page_id=246","og_locale":"de_DE","og_type":"article","og_title":"B\u00fcgelsysteme - N\u00e4hzentrum Horand in Ansbach","og_description":"Neben der N\u00e4hmaschine darf auch die B\u00fcgelmaschine in keinem Haushalt fehlen. Lassen Sie sich bei uns beraten, welches Modell das richtige f\u00fcr Sie ist. Wir f\u00fchren B\u00fcgelsysteme von Knittax, ganz klassisch mit B\u00fcgeltisch und nat\u00fcrlich auch die Luxusl\u00f6sung: Dampfb\u00fcgelmaschinen mit Walze.","og_url":"https:\/\/naehzentrum-horand.de\/?page_id=246","og_site_name":"N\u00e4hzentrum Horand in Ansbach","article_publisher":"https:\/\/www.facebook.com\/naehzentrumhorand","twitter_card":"summary_large_image","schema":{"@context":"https:\/\/schema.org","@graph":[{"@type":"WebPage","@id":"https:\/\/naehzentrum-horand.de\/?page_id=246","url":"https:\/\/naehzentrum-horand.de\/?page_id=246","name":"B\u00fcgelsysteme - N\u00e4hzentrum Horand in Ansbach","isPartOf":{"@id":"https:\/\/naehzentrum-horand.de\/#website"},"datePublished":"2021-07-21T10:38:00+00:00","breadcrumb":{"@id":"https:\/\/naehzentrum-horand.de\/?page_id=246#breadcrumb"},"inLanguage":"de","potentialAction":[{"@type":"ReadAction","target":["https:\/\/naehzentrum-horand.de\/?page_id=246"]}]},{"@type":"BreadcrumbList","@id":"https:\/\/naehzentrum-horand.de\/?page_id=246#breadcrumb","itemListElement":[{"@type":"ListItem","position":1,"name":"Startseite","item":"https:\/\/naehzentrum-horand.de\/"},{"@type":"ListItem","position":2,"name":"B\u00fcgelsysteme"}]},{"@type":"WebSite","@id":"https:\/\/naehzentrum-horand.de\/#website","url":"https:\/\/naehzentrum-horand.de\/","name":"N\u00e4hzentrum Horand in Ansbach","description":"","publisher":{"@id":"https:\/\/naehzentrum-horand.de\/#organization"},"potentialAction":[{"@type":"SearchAction","target":{"@type":"EntryPoint","urlTemplate":"https:\/\/naehzentrum-horand.de\/?s={search_term_string}"},"query-input":{"@type":"PropertyValueSpecification","valueRequired":true,"valueName":"search_term_string"}}],"inLanguage":"de"},{"@type":"Organization","@id":"https:\/\/naehzentrum-horand.de\/#organization","name":"N\u00e4hzentrum Horand in Ansbach","url":"https:\/\/naehzentrum-horand.de\/","logo":{"@type":"ImageObject","inLanguage":"de","@id":"https:\/\/naehzentrum-horand.de\/#\/schema\/logo\/image\/","url":"https:\/\/naehzentrum-horand.de\/wp-content\/uploads\/2021\/02\/horand_NZ.jpg","contentUrl":"https:\/\/naehzentrum-horand.de\/wp-content\/uploads\/2021\/02\/horand_NZ.jpg","width":894,"height":204,"caption":"N\u00e4hzentrum Horand in Ansbach"},"image":{"@id":"https:\/\/naehzentrum-horand.de\/#\/schema\/logo\/image\/"},"sameAs":["https:\/\/www.facebook.com\/naehzentrumhorand","https:\/\/www.instagram.com\/naehzentrum_horand\/"]}]}},"_links":{"self":[{"href":"https:\/\/naehzentrum-horand.de\/index.php?rest_route=\/wp\/v2\/pages\/246","targetHints":{"allow":["GET"]}}],"collection":[{"href":"https:\/\/naehzentrum-horand.de\/index.php?rest_route=\/wp\/v2\/pages"}],"about":[{"href":"https:\/\/naehzentrum-horand.de\/index.php?rest_route=\/wp\/v2\/types\/page"}],"author":[{"embeddable":true,"href":"https:\/\/naehzentrum-horand.de\/index.php?rest_route=\/wp\/v2\/users\/1"}],"replies":[{"embeddable":true,"href":"https:\/\/naehzentrum-horand.de\/index.php?rest_route=%2Fwp%2Fv2%2Fcomments&post=246"}],"version-history":[{"count":1,"href":"https:\/\/naehzentrum-horand.de\/index.php?rest_route=\/wp\/v2\/pages\/246\/revisions"}],"predecessor-version":[{"id":247,"href":"https:\/\/naehzentrum-horand.de\/index.php?rest_route=\/wp\/v2\/pages\/246\/revisions\/247"}],"wp:attachment":[{"href":"https:\/\/naehzentrum-horand.de\/index.php?rest_route=%2Fwp%2Fv2%2Fmedia&parent=246"}],"curies":[{"name":"wp","href":"https:\/\/api.w.org\/{rel}","templated":true}]}}